{"id":7,"date":"2024-04-24T19:31:14","date_gmt":"2024-04-24T19:31:14","guid":{"rendered":"https:\/\/global-apartments.pl\/zarabiaj\/?page_id=7"},"modified":"2024-07-15T11:01:34","modified_gmt":"2024-07-15T11:01:34","slug":"strona-glowna","status":"publish","type":"page","link":"https:\/\/global-apartments.pl\/zarabiaj\/","title":{"rendered":"Strona g\u0142\u00f3wna"},"content":{"rendered":"\n<section class=\"mainContent\">\n    <div class=\"mainContent__wrap container\">\n        <div class=\"mainContent__content\">\n            <span class=\"name\">Global Apartments<\/span>\n            <h1>Zarz\u0105dzanie najmem w centrum Katowic<\/h1>\n            <p>\u015awiadczymy us\u0142ugi zarz\u0105dzania najmem w celu maksymalizacji przychod\u00f3w, optymalizacji koszt\u00f3w i automatyzacji pracy.<\/p>\n            <a href=\"#contact\"><span>Skontaktuj si\u0119<\/span><\/a>\n        <\/div>\n    <\/div>\n<\/section>\n\n\n<section class=\"mainFeatures\">\n    <div class=\"mainFeatures__wrap container-lg\">\n        <div class=\"image\">\n            <img decoding=\"async\" src=\"https:\/\/global-apartments.pl\/zarabiaj\/wp-content\/uploads\/2024\/04\/homeImage.jpg\" \/>\n        <\/div>\n        <div class=\"mainFeatures__list\">\n                        <div class=\"feature\">\n                <div class=\"feature__icon\">\n                    <img decoding=\"async\" src=\"https:\/\/global-apartments.pl\/zarabiaj\/wp-content\/themes\/global\/assets\/icons\/feature01.svg\" \/> \n                <\/div>\n                <h2>Zwi\u0119kszenie ilo\u015bci rezerwacji<\/h2>\n                <p>Przez zastosowanie zaawansowanych narz\u0119dzi marketingowo informatycznych oferujemy mieszkania na wielu portalach stosuj\u0105c wsp\u00f3lny kalendarz ich dost\u0119pno\u015bci.<\/p>\n            <\/div>\n                        <div class=\"feature\">\n                <div class=\"feature__icon\">\n                    <img decoding=\"async\" src=\"https:\/\/global-apartments.pl\/zarabiaj\/wp-content\/themes\/global\/assets\/icons\/feature01.svg\" \/> \n                <\/div>\n                <h2>Check in 24h\/7<\/h2>\n                <p>Dzi\u0119ki zastosowaniu zamk\u00f3w cyfrowych i ich integracji z portalami rezerwacyjnymi i naszym direct bookingiem go\u015bcie Pa\u0144stwa mieszka\u0144 mog\u0105 si\u0119 meldowa\u0107 o dowolnej godzinie oszcz\u0119dzaj\u0105c pensje pracownik\u00f3w czy Pa\u0144stwa czas.<\/p>\n            <\/div>\n                        <div class=\"feature\">\n                <div class=\"feature__icon\">\n                    <img decoding=\"async\" src=\"https:\/\/global-apartments.pl\/zarabiaj\/wp-content\/themes\/global\/assets\/icons\/feature01.svg\" \/> \n                <\/div>\n                <h2>Baza powracaj\u0105cych klient\u00f3w<\/h2>\n                <p>Dzi\u0119ki bazie w\u0142asnych klient\u00f3w, mo\u017cemy generowa\u0107 direct bookingi z pomini\u0119ciem prowizji portali rezerwacyjnych.<\/p>\n            <\/div>\n                    <\/div>\n    <\/div>\n<\/section>\n\n\n<section id=\"contact\" class=\"mainForm\">\n    <div class=\"mainForm__wrap container\">\n        <div class=\"mainForm__heading\">\n            <h2>Formularz kontaktowy<\/h2>\n            <p>W celu uzyskania oferty na zarz\u0105dzanie najmem prosz\u0119 o pozostawienie danych<\/p>\n        <\/div>\n        <div class=\"mainForm__contact d-none\" style=\"display: none !important;\">\n            <a href=\"mailto:biuro@global-apartments.pl\" class=\"contact\">\n                <div class=\"contact__icon\">\n                    <img decoding=\"async\" src=\"https:\/\/global-apartments.pl\/zarabiaj\/wp-content\/themes\/global\/assets\/icons\/mail_white.svg\" \/>\n                <\/div>\n                <div class=\"contact__content\">\n                    <h3>Adres e-mail<\/h3>\n                    <p>biuro@global-apartments.pl<\/p>\n                <\/div>\n            <\/a>\n            <a href=\"tel:+48503417507\" class=\"contact\">\n                <div class=\"contact__icon\">\n                    <img decoding=\"async\" src=\"https:\/\/global-apartments.pl\/zarabiaj\/wp-content\/themes\/global\/assets\/icons\/phone_white.svg\" \/>\n                <\/div>\n                <div class=\"contact__content\">\n                    <h3>Numer telefonu<\/h3>\n                    <p>503 417 507<\/p>\n                <\/div>\n            <\/a>\n        <\/div>\n        <div class=\"mainForm__form\">\n            \n<div class=\"wpcf7 no-js\" id=\"wpcf7-f10-o1\" lang=\"en-US\" dir=\"ltr\">\n<div class=\"screen-reader-response\"><p role=\"status\" aria-live=\"polite\" aria-atomic=\"true\"><\/p> <ul><\/ul><\/div>\n<form action=\"\/zarabiaj\/wp-json\/wp\/v2\/pages\/7#wpcf7-f10-o1\" method=\"post\" class=\"wpcf7-form init\" aria-label=\"Contact form\" novalidate=\"novalidate\" data-status=\"init\">\n<div style=\"display: none;\">\n<input type=\"hidden\" name=\"_wpcf7\" value=\"10\" \/>\n<input type=\"hidden\" name=\"_wpcf7_version\" value=\"5.9.8\" \/>\n<input type=\"hidden\" name=\"_wpcf7_locale\" value=\"en_US\" \/>\n<input type=\"hidden\" name=\"_wpcf7_unit_tag\" value=\"wpcf7-f10-o1\" \/>\n<input type=\"hidden\" name=\"_wpcf7_container_post\" value=\"0\" \/>\n<input type=\"hidden\" name=\"_wpcf7_posted_data_hash\" value=\"\" \/>\n<input type=\"hidden\" name=\"_wpcf7_recaptcha_response\" value=\"\" \/>\n<\/div>\n<div class=\"contactForm\">\n<div class=\"contactForm__wrap\">\n                <div class=\"contactForm__row\">\n                    <div class=\"contactForm__input\">\n<span class=\"wpcf7-form-control-wrap\" data-name=\"contactName\"><input size=\"40\" maxlength=\"400\" class=\"wpcf7-form-control wpcf7-text wpcf7-validates-as-required\" aria-required=\"true\" aria-invalid=\"false\" placeholder=\"Imi\u0119 i nazwisko\" value=\"\" type=\"text\" name=\"contactName\" \/><\/span>\n                    <\/div>\n                <\/div>\n                <div class=\"contactForm__row contactForm__row--half\">\n                    <div class=\"contactForm__input\">\n<span class=\"wpcf7-form-control-wrap\" data-name=\"contactMail\"><input size=\"40\" maxlength=\"400\" class=\"wpcf7-form-control wpcf7-email wpcf7-validates-as-required wpcf7-text wpcf7-validates-as-email\" aria-required=\"true\" aria-invalid=\"false\" placeholder=\"Adres e-mail\" value=\"\" type=\"email\" name=\"contactMail\" \/><\/span>\n                    <\/div>\n                    <div class=\"contactForm__input\">\n<span class=\"wpcf7-form-control-wrap\" data-name=\"contactPhone\"><input size=\"40\" maxlength=\"400\" class=\"wpcf7-form-control wpcf7-tel wpcf7-validates-as-required wpcf7-text wpcf7-validates-as-tel\" aria-required=\"true\" aria-invalid=\"false\" placeholder=\"Numer telefonu\" value=\"\" type=\"tel\" name=\"contactPhone\" \/><\/span>\n                    <\/div>\n                <\/div>\n                <div class=\"contactForm__row\">\n                    <div class=\"contactForm__input\">\n<span class=\"wpcf7-form-control-wrap\" data-name=\"contactDesc\"><textarea cols=\"40\" rows=\"10\" maxlength=\"2000\" class=\"wpcf7-form-control wpcf7-textarea wpcf7-validates-as-required\" aria-required=\"true\" aria-invalid=\"false\" placeholder=\"Tre\u015b\u0107 wiadomo\u015bci\" name=\"contactDesc\"><\/textarea><\/span>\n                    <\/div>\n                <\/div>\n<div class=\"contactForm__row\">\n                    <div class=\"contactForm__acceptance\">\n<span class=\"wpcf7-form-control-wrap\" data-name=\"acceptance-712\"><span class=\"wpcf7-form-control wpcf7-acceptance\"><span class=\"wpcf7-list-item\"><label><input type=\"checkbox\" name=\"acceptance-712\" value=\"1\" aria-invalid=\"false\" \/><span class=\"wpcf7-list-item-label\">O\u015bwiadczam, \u017ce zapozna\u0142am\/em si\u0119 z zasadami i wyra\u017cam zgod\u0119 na przetwarzanie moich danych osobowych zawartych w <a href=\"\/polityka-prywatnosci\" target=\"_blank\">Polityce Prywatno\u015bci.<\/a> w celu uzyskania oferty.<\/span><\/label><\/span><\/span><\/span>\n                    <\/div>\n                <\/div>\n                <div class=\"contactForm__row\">\n                    <div class=\"contactForm__submit\">\n                        <input class=\"wpcf7-form-control wpcf7-submit has-spinner\" type=\"submit\" value=\"Wy\u015blij\" \/>\n                    <\/div>\n                <\/div>\n            <\/div>\n<\/div><div class=\"wpcf7-response-output\" aria-hidden=\"true\"><\/div>\n<\/form>\n<\/div>\n        <\/div>\n    <\/div>\n<\/section>","protected":false},"excerpt":{"rendered":"","protected":false},"author":1,"featured_media":0,"parent":0,"menu_order":0,"comment_status":"closed","ping_status":"closed","template":"page_templates\/page_home.php","meta":{"inline_featured_image":false,"footnotes":""},"class_list":["post-7","page","type-page","status-publish","hentry"],"acf":[],"yoast_head":"<!-- This site is optimized with the Yoast SEO plugin v23.1 - https:\/\/yoast.com\/wordpress\/plugins\/seo\/ -->\n<title>Global Apartments - Zarz\u0105dzanie najmem w centrum Katowic<\/title>\n<meta name=\"description\" content=\"Global Apartments Katowice. Zarz\u0105dzanie najmem mieszka\u0144 w celu maksymalizacji przychod\u00f3w, optymalizacji koszt\u00f3w i automatyzacji pracy.\" \/>\n<meta name=\"robots\" content=\"index, follow, max-snippet:-1, max-image-preview:large, max-video-preview:-1\" \/>\n<link rel=\"canonical\" href=\"https:\/\/global-apartments.pl\/zarabiaj\/\" \/>\n<meta property=\"og:locale\" content=\"pl_PL\" \/>\n<meta property=\"og:type\" content=\"article\" \/>\n<meta property=\"og:title\" content=\"Global Apartments - Zarz\u0105dzanie najmem w centrum Katowic\" \/>\n<meta property=\"og:description\" content=\"Global Apartments Katowice. Zarz\u0105dzanie najmem mieszka\u0144 w celu maksymalizacji przychod\u00f3w, optymalizacji koszt\u00f3w i automatyzacji pracy.\" \/>\n<meta property=\"og:url\" content=\"https:\/\/global-apartments.pl\/zarabiaj\/\" \/>\n<meta property=\"og:site_name\" content=\"Global Apartments Katowice\" \/>\n<meta property=\"article:modified_time\" content=\"2024-07-15T11:01:34+00:00\" \/>\n<meta property=\"og:image\" content=\"https:\/\/global-apartments.pl\/zarabiaj\/wp-content\/uploads\/2024\/04\/homeImage.jpg\" \/>\n\t<meta property=\"og:image:width\" content=\"1920\" \/>\n\t<meta property=\"og:image:height\" content=\"1080\" \/>\n\t<meta property=\"og:image:type\" content=\"image\/jpeg\" \/>\n<meta name=\"twitter:card\" content=\"summary_large_image\" \/>\n<script type=\"application\/ld+json\" class=\"yoast-schema-graph\">{\"@context\":\"https:\/\/schema.org\",\"@graph\":[{\"@type\":\"WebPage\",\"@id\":\"https:\/\/global-apartments.pl\/zarabiaj\/\",\"url\":\"https:\/\/global-apartments.pl\/zarabiaj\/\",\"name\":\"Global Apartments - Zarz\u0105dzanie najmem w centrum Katowic\",\"isPartOf\":{\"@id\":\"https:\/\/global-apartments.pl\/zarabiaj\/#website\"},\"datePublished\":\"2024-04-24T19:31:14+00:00\",\"dateModified\":\"2024-07-15T11:01:34+00:00\",\"description\":\"Global Apartments Katowice. Zarz\u0105dzanie najmem mieszka\u0144 w celu maksymalizacji przychod\u00f3w, optymalizacji koszt\u00f3w i automatyzacji pracy.\",\"breadcrumb\":{\"@id\":\"https:\/\/global-apartments.pl\/zarabiaj\/#breadcrumb\"},\"inLanguage\":\"pl-PL\",\"potentialAction\":[{\"@type\":\"ReadAction\",\"target\":[\"https:\/\/global-apartments.pl\/zarabiaj\/\"]}]},{\"@type\":\"BreadcrumbList\",\"@id\":\"https:\/\/global-apartments.pl\/zarabiaj\/#breadcrumb\",\"itemListElement\":[{\"@type\":\"ListItem\",\"position\":1,\"name\":\"Home\",\"item\":\"https:\/\/global-apartments.pl\/zarabiaj\/\"},{\"@type\":\"ListItem\",\"position\":2,\"name\":\"Strona g\u0142\u00f3wna\"}]},{\"@type\":\"WebSite\",\"@id\":\"https:\/\/global-apartments.pl\/zarabiaj\/#website\",\"url\":\"https:\/\/global-apartments.pl\/zarabiaj\/\",\"name\":\"Global Apartments Katowice\",\"description\":\"Zarz\u0105dzanie najmem w centrum Katowic\",\"publisher\":{\"@id\":\"https:\/\/global-apartments.pl\/zarabiaj\/#organization\"},\"alternateName\":\"Global Apartments\",\"potentialAction\":[{\"@type\":\"SearchAction\",\"target\":{\"@type\":\"EntryPoint\",\"urlTemplate\":\"https:\/\/global-apartments.pl\/zarabiaj\/?s={search_term_string}\"},\"query-input\":\"required name=search_term_string\"}],\"inLanguage\":\"pl-PL\"},{\"@type\":\"Organization\",\"@id\":\"https:\/\/global-apartments.pl\/zarabiaj\/#organization\",\"name\":\"Global Apartments\",\"url\":\"https:\/\/global-apartments.pl\/zarabiaj\/\",\"logo\":{\"@type\":\"ImageObject\",\"inLanguage\":\"pl-PL\",\"@id\":\"https:\/\/global-apartments.pl\/zarabiaj\/#\/schema\/logo\/image\/\",\"url\":\"https:\/\/global-apartments.pl\/zarabiaj\/wp-content\/uploads\/2024\/04\/favicon_global.png\",\"contentUrl\":\"https:\/\/global-apartments.pl\/zarabiaj\/wp-content\/uploads\/2024\/04\/favicon_global.png\",\"width\":500,\"height\":500,\"caption\":\"Global Apartments\"},\"image\":{\"@id\":\"https:\/\/global-apartments.pl\/zarabiaj\/#\/schema\/logo\/image\/\"}}]}<\/script>\n<!-- \/ Yoast SEO plugin. -->","yoast_head_json":{"title":"Global Apartments - Zarz\u0105dzanie najmem w centrum Katowic","description":"Global Apartments Katowice. Zarz\u0105dzanie najmem mieszka\u0144 w celu maksymalizacji przychod\u00f3w, optymalizacji koszt\u00f3w i automatyzacji pracy.","robots":{"index":"index","follow":"follow","max-snippet":"max-snippet:-1","max-image-preview":"max-image-preview:large","max-video-preview":"max-video-preview:-1"},"canonical":"https:\/\/global-apartments.pl\/zarabiaj\/","og_locale":"pl_PL","og_type":"article","og_title":"Global Apartments - Zarz\u0105dzanie najmem w centrum Katowic","og_description":"Global Apartments Katowice. Zarz\u0105dzanie najmem mieszka\u0144 w celu maksymalizacji przychod\u00f3w, optymalizacji koszt\u00f3w i automatyzacji pracy.","og_url":"https:\/\/global-apartments.pl\/zarabiaj\/","og_site_name":"Global Apartments Katowice","article_modified_time":"2024-07-15T11:01:34+00:00","og_image":[{"width":1920,"height":1080,"url":"https:\/\/global-apartments.pl\/zarabiaj\/wp-content\/uploads\/2024\/04\/homeImage.jpg","type":"image\/jpeg"}],"twitter_card":"summary_large_image","schema":{"@context":"https:\/\/schema.org","@graph":[{"@type":"WebPage","@id":"https:\/\/global-apartments.pl\/zarabiaj\/","url":"https:\/\/global-apartments.pl\/zarabiaj\/","name":"Global Apartments - Zarz\u0105dzanie najmem w centrum Katowic","isPartOf":{"@id":"https:\/\/global-apartments.pl\/zarabiaj\/#website"},"datePublished":"2024-04-24T19:31:14+00:00","dateModified":"2024-07-15T11:01:34+00:00","description":"Global Apartments Katowice. Zarz\u0105dzanie najmem mieszka\u0144 w celu maksymalizacji przychod\u00f3w, optymalizacji koszt\u00f3w i automatyzacji pracy.","breadcrumb":{"@id":"https:\/\/global-apartments.pl\/zarabiaj\/#breadcrumb"},"inLanguage":"pl-PL","potentialAction":[{"@type":"ReadAction","target":["https:\/\/global-apartments.pl\/zarabiaj\/"]}]},{"@type":"BreadcrumbList","@id":"https:\/\/global-apartments.pl\/zarabiaj\/#breadcrumb","itemListElement":[{"@type":"ListItem","position":1,"name":"Home","item":"https:\/\/global-apartments.pl\/zarabiaj\/"},{"@type":"ListItem","position":2,"name":"Strona g\u0142\u00f3wna"}]},{"@type":"WebSite","@id":"https:\/\/global-apartments.pl\/zarabiaj\/#website","url":"https:\/\/global-apartments.pl\/zarabiaj\/","name":"Global Apartments Katowice","description":"Zarz\u0105dzanie najmem w centrum Katowic","publisher":{"@id":"https:\/\/global-apartments.pl\/zarabiaj\/#organization"},"alternateName":"Global Apartments","potentialAction":[{"@type":"SearchAction","target":{"@type":"EntryPoint","urlTemplate":"https:\/\/global-apartments.pl\/zarabiaj\/?s={search_term_string}"},"query-input":"required name=search_term_string"}],"inLanguage":"pl-PL"},{"@type":"Organization","@id":"https:\/\/global-apartments.pl\/zarabiaj\/#organization","name":"Global Apartments","url":"https:\/\/global-apartments.pl\/zarabiaj\/","logo":{"@type":"ImageObject","inLanguage":"pl-PL","@id":"https:\/\/global-apartments.pl\/zarabiaj\/#\/schema\/logo\/image\/","url":"https:\/\/global-apartments.pl\/zarabiaj\/wp-content\/uploads\/2024\/04\/favicon_global.png","contentUrl":"https:\/\/global-apartments.pl\/zarabiaj\/wp-content\/uploads\/2024\/04\/favicon_global.png","width":500,"height":500,"caption":"Global Apartments"},"image":{"@id":"https:\/\/global-apartments.pl\/zarabiaj\/#\/schema\/logo\/image\/"}}]}},"_links":{"self":[{"href":"https:\/\/global-apartments.pl\/zarabiaj\/wp-json\/wp\/v2\/pages\/7","targetHints":{"allow":["GET"]}}],"collection":[{"href":"https:\/\/global-apartments.pl\/zarabiaj\/wp-json\/wp\/v2\/pages"}],"about":[{"href":"https:\/\/global-apartments.pl\/zarabiaj\/wp-json\/wp\/v2\/types\/page"}],"author":[{"embeddable":true,"href":"https:\/\/global-apartments.pl\/zarabiaj\/wp-json\/wp\/v2\/users\/1"}],"replies":[{"embeddable":true,"href":"https:\/\/global-apartments.pl\/zarabiaj\/wp-json\/wp\/v2\/comments?post=7"}],"version-history":[{"count":8,"href":"https:\/\/global-apartments.pl\/zarabiaj\/wp-json\/wp\/v2\/pages\/7\/revisions"}],"predecessor-version":[{"id":53,"href":"https:\/\/global-apartments.pl\/zarabiaj\/wp-json\/wp\/v2\/pages\/7\/revisions\/53"}],"wp:attachment":[{"href":"https:\/\/global-apartments.pl\/zarabiaj\/wp-json\/wp\/v2\/media?parent=7"}],"curies":[{"name":"wp","href":"https:\/\/api.w.org\/{rel}","templated":true}]}}